{"id":2604,"date":"2026-02-08T17:05:42","date_gmt":"2026-02-08T17:05:42","guid":{"rendered":"https:\/\/systech.stronawcal.pl\/?page_id=2604"},"modified":"2026-02-08T17:05:43","modified_gmt":"2026-02-08T17:05:43","slug":"oprzyrzadowania-mocujace","status":"publish","type":"page","link":"https:\/\/systech.stronawcal.pl\/index.php\/oprzyrzadowania-mocujace\/","title":{"rendered":"Oprzyrz\u0105dowania mocuj\u0105ce"},"content":{"rendered":"\n<p>Wykorzystuj\u0105c swoje wieloletnie do\u015bwiadczenie zapewniamy kompleksowe rozwi\u0105zania obejmuj\u0105ce projektowanie, wykonawstwo i wdro\u017cenie u Klienta przyrz\u0105d\u00f3w mocuj\u0105cych. Oferujemy przyrz\u0105dy zar\u00f3wno mechaniczne jak i hydrauliczne obs\u0142uguj\u0105c Naszych Klient\u00f3w na ka\u017cdym etapie realizacji projektu.<br>Po wdro\u017ceniu oprzyrz\u0105dowania monitorujemy jego dzia\u0142anie, sprawdzaj\u0105c czy spe\u0142nia swoje funkcje i dostarcza oczekiwanych wynik\u00f3w.<\/p>\n","protected":false},"excerpt":{"rendered":"<p>Wykorzystuj\u0105c swoje wieloletnie do\u015bwiadczenie zapewniamy kompleksowe rozwi\u0105zania obejmuj\u0105ce projektowanie, wykonawstwo i wdro\u017cenie u Klienta przyrz\u0105d\u00f3w mocuj\u0105cych. Oferujemy przyrz\u0105dy zar\u00f3wno mechaniczne jak i hydrauliczne obs\u0142uguj\u0105c Naszych Klient\u00f3w na ka\u017cdym etapie realizacji projektu.Po wdro\u017ceniu oprzyrz\u0105dowania monitorujemy jego dzia\u0142anie, sprawdzaj\u0105c czy spe\u0142nia swoje funkcje i dostarcza oczekiwanych wynik\u00f3w.<\/p>\n","protected":false},"author":1,"featured_media":0,"parent":0,"menu_order":0,"comment_status":"closed","ping_status":"closed","template":"","meta":{"footnotes":""},"class_list":["post-2604","page","type-page","status-publish"],"_links":{"self":[{"href":"https:\/\/systech.stronawcal.pl\/index.php\/wp-json\/wp\/v2\/pages\/2604","targetHints":{"allow":["GET"]}}],"collection":[{"href":"https:\/\/systech.stronawcal.pl\/index.php\/wp-json\/wp\/v2\/pages"}],"about":[{"href":"https:\/\/systech.stronawcal.pl\/index.php\/wp-json\/wp\/v2\/types\/page"}],"author":[{"embeddable":true,"href":"https:\/\/systech.stronawcal.pl\/index.php\/wp-json\/wp\/v2\/users\/1"}],"replies":[{"embeddable":true,"href":"https:\/\/systech.stronawcal.pl\/index.php\/wp-json\/wp\/v2\/comments?post=2604"}],"version-history":[{"count":1,"href":"https:\/\/systech.stronawcal.pl\/index.php\/wp-json\/wp\/v2\/pages\/2604\/revisions"}],"predecessor-version":[{"id":2605,"href":"https:\/\/systech.stronawcal.pl\/index.php\/wp-json\/wp\/v2\/pages\/2604\/revisions\/2605"}],"wp:attachment":[{"href":"https:\/\/systech.stronawcal.pl\/index.php\/wp-json\/wp\/v2\/media?parent=2604"}],"curies":[{"name":"wp","href":"https:\/\/api.w.org\/{rel}","templated":true}]}}