{"id":2600,"date":"2026-02-08T17:03:44","date_gmt":"2026-02-08T17:03:44","guid":{"rendered":"https:\/\/systech.stronawcal.pl\/?page_id=2600"},"modified":"2026-02-08T17:03:44","modified_gmt":"2026-02-08T17:03:44","slug":"oprawki-narzedziowe-systemy-wytaczarskie-nikken","status":"publish","type":"page","link":"https:\/\/systech.stronawcal.pl\/index.php\/oprawki-narzedziowe-systemy-wytaczarskie-nikken\/","title":{"rendered":"Oprawki narz\u0119dziowe, systemy wytaczarskie &#8211; Nikken"},"content":{"rendered":"\n<p>Firma Nikken to czo\u0142owy japo\u0144ski producent wysokiej klasy sto\u0142\u00f3w CNC, precyzyjnych oprawek narz\u0119dziowych, system\u00f3w wytaczarskich jak r\u00f3wnie\u017c rozwi\u0105za\u0144 do wst\u0119pnego ustawiania i zarz\u0105dzania narz\u0119dziami.<br>Europejska siedziba firmy Nikken znajduje si\u0119 w sercu Advanced Manufacturing w Wielkiej Brytanii.<br>Jeste\u015bmy wieloletnim Partnerem firmy Nikken i autoryzowanym dystrybutorem na terenie Polski.<br>Swoj\u0105 wsp\u00f3\u0142prac\u0119 opieramy w g\u0142\u00f3wnej mierze o dostarczanie Klientom innowacyjnych rozwi\u0105za\u0144 w zakresie oprawek narz\u0119dziowych typu MulitLock, SlimChuck, Zerofit, Major Dream z t\u0142umieniem drga\u0144 raz system\u00f3w wytaczarskich ZMAC czy RAC.<\/p>\n\n\n\n<figure class=\"wp-block-image size-large is-resized\"><img loading=\"lazy\" decoding=\"async\" width=\"1024\" height=\"352\" src=\"https:\/\/systech.stronawcal.pl\/wp-content\/uploads\/2026\/02\/Nikken-1024x352.webp\" alt=\"\" class=\"wp-image-2593\" style=\"width:321px;height:auto\" srcset=\"https:\/\/systech.stronawcal.pl\/wp-content\/uploads\/2026\/02\/Nikken-1024x352.webp 1024w, https:\/\/systech.stronawcal.pl\/wp-content\/uploads\/2026\/02\/Nikken-300x103.webp 300w, https:\/\/systech.stronawcal.pl\/wp-content\/uploads\/2026\/02\/Nikken-768x264.webp 768w, https:\/\/systech.stronawcal.pl\/wp-content\/uploads\/2026\/02\/Nikken-825x284.webp 825w, https:\/\/systech.stronawcal.pl\/wp-content\/uploads\/2026\/02\/Nikken-600x206.webp 600w, https:\/\/systech.stronawcal.pl\/wp-content\/uploads\/2026\/02\/Nikken-400x137.webp 400w, https:\/\/systech.stronawcal.pl\/wp-content\/uploads\/2026\/02\/Nikken.webp 1507w\" sizes=\"auto, (max-width: 1024px) 100vw, 1024px\" \/><\/figure>\n\n\n\n<p><strong><a href=\"https:\/\/www.nikken-world.co.uk\/\" data-type=\"link\" data-id=\"https:\/\/www.nikken-world.co.uk\/\">NIKKEN Solutions | Nikken (nikken-world.co.uk)<\/a><\/strong><\/p>\n\n\n\n<p>Link katalogi: <strong><a href=\"https:\/\/www.nikken-world.co.uk\/brochures\" data-type=\"link\" data-id=\"https:\/\/www.nikken-world.co.uk\/brochures\">Brochures | Nikken (nikken-world.co.uk)<\/a><\/strong><\/p>\n\n\n\n<p><\/p>\n","protected":false},"excerpt":{"rendered":"<p>Firma Nikken to czo\u0142owy japo\u0144ski producent wysokiej klasy sto\u0142\u00f3w CNC, precyzyjnych oprawek narz\u0119dziowych, system\u00f3w wytaczarskich jak r\u00f3wnie\u017c rozwi\u0105za\u0144 do wst\u0119pnego ustawiania i zarz\u0105dzania narz\u0119dziami.Europejska siedziba firmy Nikken znajduje si\u0119 w sercu Advanced Manufacturing w Wielkiej Brytanii.Jeste\u015bmy wieloletnim Partnerem firmy Nikken i autoryzowanym dystrybutorem na terenie Polski.Swoj\u0105 wsp\u00f3\u0142prac\u0119 opieramy w g\u0142\u00f3wnej mierze o dostarczanie Klientom innowacyjnych &#8230; <a title=\"Oprawki narz\u0119dziowe, systemy wytaczarskie &#8211; Nikken\" class=\"read-more\" href=\"https:\/\/systech.stronawcal.pl\/index.php\/oprawki-narzedziowe-systemy-wytaczarskie-nikken\/\" aria-label=\"Dowiedz si\u0119 wi\u0119cej o Oprawki narz\u0119dziowe, systemy wytaczarskie &#8211; Nikken\">Dowiedz si\u0119 wi\u0119cej<\/a><\/p>\n","protected":false},"author":1,"featured_media":0,"parent":0,"menu_order":0,"comment_status":"closed","ping_status":"closed","template":"","meta":{"footnotes":""},"class_list":["post-2600","page","type-page","status-publish"],"_links":{"self":[{"href":"https:\/\/systech.stronawcal.pl\/index.php\/wp-json\/wp\/v2\/pages\/2600","targetHints":{"allow":["GET"]}}],"collection":[{"href":"https:\/\/systech.stronawcal.pl\/index.php\/wp-json\/wp\/v2\/pages"}],"about":[{"href":"https:\/\/systech.stronawcal.pl\/index.php\/wp-json\/wp\/v2\/types\/page"}],"author":[{"embeddable":true,"href":"https:\/\/systech.stronawcal.pl\/index.php\/wp-json\/wp\/v2\/users\/1"}],"replies":[{"embeddable":true,"href":"https:\/\/systech.stronawcal.pl\/index.php\/wp-json\/wp\/v2\/comments?post=2600"}],"version-history":[{"count":1,"href":"https:\/\/systech.stronawcal.pl\/index.php\/wp-json\/wp\/v2\/pages\/2600\/revisions"}],"predecessor-version":[{"id":2601,"href":"https:\/\/systech.stronawcal.pl\/index.php\/wp-json\/wp\/v2\/pages\/2600\/revisions\/2601"}],"wp:attachment":[{"href":"https:\/\/systech.stronawcal.pl\/index.php\/wp-json\/wp\/v2\/media?parent=2600"}],"curies":[{"name":"wp","href":"https:\/\/api.w.org\/{rel}","templated":true}]}}